{"id":13,"date":"2024-04-01T18:00:25","date_gmt":"2024-04-01T10:00:25","guid":{"rendered":"https:\/\/charcoalkilns.com\/?page_id=13"},"modified":"2024-04-17T16:58:50","modified_gmt":"2024-04-17T08:58:50","slug":"about-us","status":"publish","type":"page","link":"https:\/\/charcoalkilns.com\/af\/about-us\/","title":{"rendered":"Professionele koolstofmasjien vervaardiger en verskaffer"},"content":{"rendered":"<p>As 'n koolstof furnace vervaardiger, het ons mededingende pryse en bied kostedoeltreffende produkte aan. Ons het 'n professionele span wat 'n volle reeks voorverkope en na-verkope dienste bied om te verseker dat ons kli\u00ebnte se behoeftes nagekom word. <\/p>    <p>Fokus op produkkwaliteit en tegnologiese innovasie, ons is daartoe verbind om ons kli\u00ebnte van ho\u00eb kwaliteit en ho\u00eb doeltreffendheid koolstofmaak furnace oplossings te voorsien.<\/p>    <h2 class=\"wp-block-heading\"><strong>Warmverkope houtskoolmasjiene<\/strong><\/h2>    <p>Ons bied baie tipes koolstof furnaces te koop aan. Tipes word hieronder getoon vir jou verwysing:<\/p>    <div class=\"wp-block-columns is-layout-flex wp-container-core-columns-is-layout-9d6595d7 wp-block-columns-is-layout-flex\"> <div class=\"wp-block-column is-layout-flow wp-block-column-is-layout-flow\"> <figure class=\"wp-block-image size-full\"><img loading=\"lazy\" decoding=\"async\" width=\"720\" height=\"540\" src=\"https:\/\/charcoalkilns.com\/wp-content\/uploads\/2024\/04\/Vertical-carbonization-furnace.webp\" alt=\"Vertikale koolstofisering furnace\" class=\"wp-image-907\" srcset=\"https:\/\/charcoalkilns.com\/wp-content\/uploads\/2024\/04\/Vertical-carbonization-furnace.webp 720w, https:\/\/charcoalkilns.com\/wp-content\/uploads\/2024\/04\/Vertical-carbonization-furnace-480x360.webp 480w, https:\/\/charcoalkilns.com\/wp-content\/uploads\/2024\/04\/Vertical-carbonization-furnace-150x113.webp 150w\" sizes=\"auto, (max-width: 720px) 100vw, 720px\" \/><figcaption class=\"wp-element-caption\">Vertikale koolstofisering furnace<\/figcaption><\/figure> <\/div>    <div class=\"wp-block-column is-vertically-aligned-center is-layout-flow wp-block-column-is-layout-flow\"> <p class=\"has-text-align-center translation-block\"><strong>Vertikale koolstofisering furnace<\/strong><\/p>    <p>Geschik vir klein en medium-grootte koolstofproduksie, met 'n eenvoudige struktuur, maklik om te bedryf en te onderhou, in staat om die koolstofiseringsproses van grondstowwe soos houtstamme, saagsels, ens. doeltreffend te voltooi.<\/p> <\/div> <\/div>    <div class=\"wp-block-columns is-layout-flex wp-container-core-columns-is-layout-9d6595d7 wp-block-columns-is-layout-flex\"> <div class=\"wp-block-column is-layout-flow wp-block-column-is-layout-flow\"> <figure class=\"wp-block-image size-full\"><img loading=\"lazy\" decoding=\"async\" width=\"720\" height=\"540\" src=\"https:\/\/charcoalkilns.com\/wp-content\/uploads\/2024\/04\/Horizontal-charcoal-stove-1.webp\" alt=\"Horizontale koolstofstoof\" class=\"wp-image-915\" srcset=\"https:\/\/charcoalkilns.com\/wp-content\/uploads\/2024\/04\/Horizontal-charcoal-stove-1.webp 720w, https:\/\/charcoalkilns.com\/wp-content\/uploads\/2024\/04\/Horizontal-charcoal-stove-1-480x360.webp 480w, https:\/\/charcoalkilns.com\/wp-content\/uploads\/2024\/04\/Horizontal-charcoal-stove-1-150x113.webp 150w\" sizes=\"auto, (max-width: 720px) 100vw, 720px\" \/><figcaption class=\"wp-element-caption\">Horizontale koolstofstoof<\/figcaption><\/figure> <\/div>    <div class=\"wp-block-column is-vertically-aligned-center is-layout-flow wp-block-column-is-layout-flow\"> <p class=\"has-text-align-center translation-block\"><strong>Horizontale koolstofstoof<\/strong><\/p>    <p>Geschik vir klein &amp; medium-grootte produksie, met groot verwerkingskapasiteit, gerieflike werking en ho\u00eb koolstofisering doeltreffendheid.<\/p> <\/div> <\/div>    <div class=\"wp-block-columns is-layout-flex wp-container-core-columns-is-layout-9d6595d7 wp-block-columns-is-layout-flex\"> <div class=\"wp-block-column is-layout-flow wp-block-column-is-layout-flow\"> <figure class=\"wp-block-image size-full\"><img loading=\"lazy\" decoding=\"async\" width=\"720\" height=\"540\" src=\"https:\/\/charcoalkilns.com\/wp-content\/uploads\/2024\/04\/Continuous-carbonization-furnace-1.webp\" alt=\"Deurlopende koolstofisering furnace\" class=\"wp-image-912\" srcset=\"https:\/\/charcoalkilns.com\/wp-content\/uploads\/2024\/04\/Continuous-carbonization-furnace-1.webp 720w, https:\/\/charcoalkilns.com\/wp-content\/uploads\/2024\/04\/Continuous-carbonization-furnace-1-480x360.webp 480w, https:\/\/charcoalkilns.com\/wp-content\/uploads\/2024\/04\/Continuous-carbonization-furnace-1-150x113.webp 150w\" sizes=\"auto, (max-width: 720px) 100vw, 720px\" \/><figcaption class=\"wp-element-caption\">Deurlopende koolstofisering furnace<\/figcaption><\/figure> <\/div>    <div class=\"wp-block-column is-vertically-aligned-center is-layout-flow wp-block-column-is-layout-flow\"> <p class=\"has-text-align-center translation-block\"><strong>Deurlopende koolstofisering furnace<\/strong><\/p>    <p>Geschik vir grootproduksie, in staat om 'n wye reeks grondstowwe te hanteer, met ho\u00eb buigsaamheid en aanpasbaarheid, ideaal vir industri\u00eble graad koolstofisering produksie.<\/p> <\/div> <\/div>    <h2 class=\"wp-block-heading\"><strong>Na-verkoop diens vir Shuliy houtskoolmaakmasjien<\/strong><\/h2>    <p>Shuliy Koolstof Furnace bied 'n volle reeks na-verkope dienste aan, insluitend die volgende:<\/p>    <ol class=\"wp-block-list\"> <li><strong>Installasiediens<\/strong>: Indien nodig, stuur ons professionele tegnici na u terrein, verantwoordelik vir die installasie en afstelling van die houtskoolverhittingsoven om die normale werking van die toerusting te verseker.<\/li>    <li><strong>Gebruiksriglyne<\/strong>: Ons voorsien gedetailleerde bedieningshandleidings en video-tutoriaal om u te lei om die karboniseringsoven korrek te bedryf en te onderhou, om die langtermyn stabiele werking van die toerusting te verseker.<\/li>    <li><strong>Probleemoplossing<\/strong>: Tydens gebruik, as u opdaterings of probleme ondervind, kan u ons na-verkoop diensspan te eniger tyd kontak, ons sal betyds reageer en tegnici na die toneel stuur vir onderhoud en verwerking, om te verseker dat die karboniseringsmasjien so gou as moontlik weer normaal funksioneer.<\/li>    <li><strong>Onderdele voorsiening<\/strong>: Ons bied oorspronklike onderdele aan, u kan direk ho\u00eb kwaliteit oorspronklike onderdele koop om die prestasie en kwaliteit van die toerusting te verseker.<\/li>    <li><strong>Gereelde onderhoud<\/strong>: Ons stel voor dat u gereelde onderhoud aan die toerusting uitvoer om die lewensduur van die toerusting te verleng en produksiedoeltreffendheid te verseker. Ons kan onderhoudsprograms en dienste voorsien om te verseker dat die toerusting altyd in die beste werktoestand is.<\/li>    <li><strong>Tegniese ondersteuning<\/strong>: Ons na-verkoop diensspan het ryk tegniese ervaring en professionele kennis, en kan tegniese ondersteuning en konsultasiedienste bied om alle soorte tegniese en operasionele probleme op te los.<\/li> <\/ol>    <p>Ons is altyd daartoe verbind om kli\u00ebnte van kwaliteit na-verkope diens te voorsien om te verseker dat jy 'n bevredigende ervaring en ondersteuning tydens die koop- en gebruiksproses ontvang.<\/p>   <div class=\"wp-block-image\"> <figure class=\"aligncenter size-full\"><img loading=\"lazy\" decoding=\"async\" width=\"720\" height=\"540\" src=\"https:\/\/charcoalkilns.com\/wp-content\/uploads\/2024\/04\/charcoal-furnace-factory.webp\" alt=\"koolstof furnace fabriek\" class=\"wp-image-473\" srcset=\"https:\/\/charcoalkilns.com\/wp-content\/uploads\/2024\/04\/charcoal-furnace-factory.webp 720w, https:\/\/charcoalkilns.com\/wp-content\/uploads\/2024\/04\/charcoal-furnace-factory-480x360.webp 480w, https:\/\/charcoalkilns.com\/wp-content\/uploads\/2024\/04\/charcoal-furnace-factory-150x113.webp 150w\" sizes=\"auto, (max-width: 720px) 100vw, 720px\" \/><figcaption class=\"wp-element-caption\">koolstof furnace fabriek<\/figcaption><\/figure> <\/div>   <h2 class=\"wp-block-heading\"><strong>Verwante sertifikate oor karboniseringsoven<\/strong><\/h2>    <p class=\"translation-block\"><strong>Maatskappy sertifikaat<\/strong><\/p>    <p>Ons maatskappy het 'n reeks akkreditasies en sertifikate, insluitend Sertifikaat van Oorsprong, ISO9001, Besigheidslisensie, PVOC, SABER, SONCAP, ens. Hierdie sertifikate is bewys van ons maatskappy se streng nakoming van internasionale standaarde in vervaardiging en bestuur, sowel as ons ho\u00eb agting vir produkkwaliteit, omgewingsbeskerming en werknemerveiligheid en gesondheid.<\/p>   <div class=\"wp-block-image\"> <figure class=\"aligncenter size-large\"><img loading=\"lazy\" decoding=\"async\" width=\"540\" height=\"540\" src=\"https:\/\/charcoalkilns.com\/wp-content\/uploads\/2024\/04\/Company-certificate-540x540.webp\" alt=\"Maatskappy sertifikaat\" class=\"wp-image-477\" srcset=\"https:\/\/charcoalkilns.com\/wp-content\/uploads\/2024\/04\/Company-certificate-540x540.webp 540w, https:\/\/charcoalkilns.com\/wp-content\/uploads\/2024\/04\/Company-certificate-360x360.webp 360w, https:\/\/charcoalkilns.com\/wp-content\/uploads\/2024\/04\/Company-certificate.webp 750w\" sizes=\"auto, (max-width: 540px) 100vw, 540px\" \/><figcaption class=\"wp-element-caption\">Maatskappy sertifikaat<\/figcaption><\/figure> <\/div>   <p class=\"translation-block\"><strong>Koolstofmaakmasjien sertifikaat<\/strong><\/p>    <p>Ons produkte het deur verskeie internasionale sertifikasies en toetse gegaan, en het die ooreenstemmende produkkwalifikasiesertifikate en inspeksiesertifikate. Dit is 'n gesaghebbende sertifisering van ons produkkwaliteit, wat verseker dat ons produkte aan internasionale standaarde en kli\u00ebnte se vereistes voldoen, en kli\u00ebnte 'n versekerde en betroubare produk waarborge bied.<\/p>   <div class=\"wp-block-image\"> <figure class=\"aligncenter size-large\"><img loading=\"lazy\" decoding=\"async\" width=\"540\" height=\"540\" src=\"https:\/\/charcoalkilns.com\/wp-content\/uploads\/2024\/04\/charcoal-furnace-certificate-540x540.webp\" alt=\"koolstof furnace sertifikaat\" class=\"wp-image-478\" srcset=\"https:\/\/charcoalkilns.com\/wp-content\/uploads\/2024\/04\/charcoal-furnace-certificate-540x540.webp 540w, https:\/\/charcoalkilns.com\/wp-content\/uploads\/2024\/04\/charcoal-furnace-certificate-360x360.webp 360w, https:\/\/charcoalkilns.com\/wp-content\/uploads\/2024\/04\/charcoal-furnace-certificate.webp 750w\" sizes=\"auto, (max-width: 540px) 100vw, 540px\" \/><figcaption class=\"wp-element-caption\">koolstof furnace sertifikaat<\/figcaption><\/figure> <\/div>   <h2 class=\"wp-block-heading\"><strong>W\u00eareldwye kli\u00ebnt <\/strong><\/h2>    <div class=\"wp-block-columns is-layout-flex wp-container-core-columns-is-layout-9d6595d7 wp-block-columns-is-layout-flex\"> <div class=\"wp-block-column is-layout-flow wp-block-column-is-layout-flow\"> <figure class=\"wp-block-image size-full\"><img loading=\"lazy\" decoding=\"async\" width=\"720\" height=\"540\" src=\"https:\/\/charcoalkilns.com\/wp-content\/uploads\/2024\/04\/charcoal-furnace-factory-visit.webp\" alt=\"houtskool oond fabriek besoek\" class=\"wp-image-459\" srcset=\"https:\/\/charcoalkilns.com\/wp-content\/uploads\/2024\/04\/charcoal-furnace-factory-visit.webp 720w, https:\/\/charcoalkilns.com\/wp-content\/uploads\/2024\/04\/charcoal-furnace-factory-visit-480x360.webp 480w, https:\/\/charcoalkilns.com\/wp-content\/uploads\/2024\/04\/charcoal-furnace-factory-visit-150x113.webp 150w\" sizes=\"auto, (max-width: 720px) 100vw, 720px\" \/><figcaption class=\"wp-element-caption\">houtskool oond fabriek besoek<\/figcaption><\/figure> <\/div>    <div class=\"wp-block-column is-vertically-aligned-center is-layout-flow wp-block-column-is-layout-flow\"> <p>Ons Keniaanse kli\u00ebnt het ons koolstofisering furnace fabriek besoek.<\/p> <\/div> <\/div>    <div class=\"wp-block-columns is-layout-flex wp-container-core-columns-is-layout-9d6595d7 wp-block-columns-is-layout-flex\"> <div class=\"wp-block-column is-vertically-aligned-center is-layout-flow wp-block-column-is-layout-flow\"> <p>Die Indonesiese kli\u00ebnt het die koolstofmasjien vervaardigingsaanleg besoek.<\/p> <\/div>    <div class=\"wp-block-column is-layout-flow wp-block-column-is-layout-flow\"> <figure class=\"wp-block-image size-full\"><img loading=\"lazy\" decoding=\"async\" width=\"720\" height=\"540\" src=\"https:\/\/charcoalkilns.com\/wp-content\/uploads\/2024\/04\/customer-visited-charcoal-machine-factory.webp\" alt=\"klant het houtskool masjienfabriek besoek\" class=\"wp-image-484\" srcset=\"https:\/\/charcoalkilns.com\/wp-content\/uploads\/2024\/04\/customer-visited-charcoal-machine-factory.webp 720w, https:\/\/charcoalkilns.com\/wp-content\/uploads\/2024\/04\/customer-visited-charcoal-machine-factory-480x360.webp 480w, https:\/\/charcoalkilns.com\/wp-content\/uploads\/2024\/04\/customer-visited-charcoal-machine-factory-150x113.webp 150w\" sizes=\"auto, (max-width: 720px) 100vw, 720px\" \/><figcaption class=\"wp-element-caption\">klant het houtskool masjienfabriek besoek<\/figcaption><\/figure> <\/div> <\/div>","protected":false},"excerpt":{"rendered":"<p>As a charcoal furnace manufacturer, we have competitive prices and offer cost-effective products. We have a professional team that provides a full range of pre-sales and after-sales services to ensure that our customers&#8217; needs are met. Focusing on product quality and technological innovation, we are committed to providing our customers with high-quality and high-efficiency charcoal&#8230;<\/p>","protected":false},"author":1,"featured_media":0,"parent":0,"menu_order":0,"comment_status":"closed","ping_status":"closed","template":"","meta":{"_kad_blocks_custom_css":"","_kad_blocks_head_custom_js":"","_kad_blocks_body_custom_js":"","_kad_blocks_footer_custom_js":"","_kad_post_transparent":"","_kad_post_title":"default","_kad_post_layout":"","_kad_post_sidebar_id":"","_kad_post_content_style":"","_kad_post_vertical_padding":"hide","_kad_post_feature":"","_kad_post_feature_position":"","_kad_post_header":false,"_kad_post_footer":false,"_kad_post_classname":"","footnotes":""},"class_list":["post-13","page","type-page","status-publish","hentry"],"taxonomy_info":[],"featured_image_src_large":false,"author_info":{"display_name":"Malinda Lin","author_link":"https:\/\/charcoalkilns.com\/af\/author\/adminmalinda\/"},"comment_info":0,"_links":{"self":[{"href":"https:\/\/charcoalkilns.com\/af\/wp-json\/wp\/v2\/pages\/13","targetHints":{"allow":["GET"]}}],"collection":[{"href":"https:\/\/charcoalkilns.com\/af\/wp-json\/wp\/v2\/pages"}],"about":[{"href":"https:\/\/charcoalkilns.com\/af\/wp-json\/wp\/v2\/types\/page"}],"author":[{"embeddable":true,"href":"https:\/\/charcoalkilns.com\/af\/wp-json\/wp\/v2\/users\/1"}],"replies":[{"embeddable":true,"href":"https:\/\/charcoalkilns.com\/af\/wp-json\/wp\/v2\/comments?post=13"}],"version-history":[{"count":0,"href":"https:\/\/charcoalkilns.com\/af\/wp-json\/wp\/v2\/pages\/13\/revisions"}],"wp:attachment":[{"href":"https:\/\/charcoalkilns.com\/af\/wp-json\/wp\/v2\/media?parent=13"}],"curies":[{"name":"wp","href":"https:\/\/api.w.org\/{rel}","templated":true}]}}