{"id":13,"date":"2024-04-01T18:00:25","date_gmt":"2024-04-01T10:00:25","guid":{"rendered":"https:\/\/charcoalkilns.com\/?page_id=13"},"modified":"2024-04-17T16:58:50","modified_gmt":"2024-04-17T08:58:50","slug":"about-us","status":"publish","type":"page","link":"https:\/\/charcoalkilns.com\/da\/about-us\/","title":{"rendered":"Professionel producent og leverand\u00f8r af tr\u00e6kulsmaskiner"},"content":{"rendered":"<p>Som producent af tr\u00e6kulsovne har vi konkurrencedygtige priser og tilbyder omkostningseffektive produkter. Vi har et professionelt team, der leverer en komplet r\u00e6kke af for- og eftersalgsydelser for at sikre, at vores kunders behov opfyldes. <\/p>    <p>Med fokus p\u00e5 produktkvalitet og teknologisk innovation er vi forpligtet til at levere vores kunder h\u00f8jkvalitets og h\u00f8j-effektive tr\u00e6kulsfremstillingsl\u00f8sninger.<\/p>    <h2 class=\"wp-block-heading\"><strong>Popul\u00e6re kulmaskiner<\/strong><\/h2>    <p>Vi tilbyder mange typer tr\u00e6kulsovne til salg. Typer vises nedenfor til din reference:<\/p>    <div class=\"wp-block-columns is-layout-flex wp-container-core-columns-is-layout-9d6595d7 wp-block-columns-is-layout-flex\"> <div class=\"wp-block-column is-layout-flow wp-block-column-is-layout-flow\"> <figure class=\"wp-block-image size-full\"><img loading=\"lazy\" decoding=\"async\" width=\"720\" height=\"540\" src=\"https:\/\/charcoalkilns.com\/wp-content\/uploads\/2024\/04\/Vertical-carbonization-furnace.webp\" alt=\"Vertikal karboniseringsovn\" class=\"wp-image-907\" srcset=\"https:\/\/charcoalkilns.com\/wp-content\/uploads\/2024\/04\/Vertical-carbonization-furnace.webp 720w, https:\/\/charcoalkilns.com\/wp-content\/uploads\/2024\/04\/Vertical-carbonization-furnace-480x360.webp 480w, https:\/\/charcoalkilns.com\/wp-content\/uploads\/2024\/04\/Vertical-carbonization-furnace-150x113.webp 150w\" sizes=\"auto, (max-width: 720px) 100vw, 720px\" \/><figcaption class=\"wp-element-caption\">Vertikal karboniseringsovn<\/figcaption><\/figure> <\/div>    <div class=\"wp-block-column is-vertically-aligned-center is-layout-flow wp-block-column-is-layout-flow\"> <p class=\"has-text-align-center translation-block\"><strong>Vertikal karboniseringsovn<\/strong><\/p>    <p>Egnet til sm\u00e5 og mellemstore tr\u00e6kulsproduktioner, med enkel struktur, nem at betjene og vedligeholde, i stand til effektivt at gennemf\u00f8re karboniseringsprocessen for r\u00e5materialer s\u00e5som tr\u00e6stammer, savsmuldspresser osv.<\/p> <\/div> <\/div>    <div class=\"wp-block-columns is-layout-flex wp-container-core-columns-is-layout-9d6595d7 wp-block-columns-is-layout-flex\"> <div class=\"wp-block-column is-layout-flow wp-block-column-is-layout-flow\"> <figure class=\"wp-block-image size-full\"><img loading=\"lazy\" decoding=\"async\" width=\"720\" height=\"540\" src=\"https:\/\/charcoalkilns.com\/wp-content\/uploads\/2024\/04\/Horizontal-charcoal-stove-1.webp\" alt=\"Horisontal tr\u00e6kulsovn\" class=\"wp-image-915\" srcset=\"https:\/\/charcoalkilns.com\/wp-content\/uploads\/2024\/04\/Horizontal-charcoal-stove-1.webp 720w, https:\/\/charcoalkilns.com\/wp-content\/uploads\/2024\/04\/Horizontal-charcoal-stove-1-480x360.webp 480w, https:\/\/charcoalkilns.com\/wp-content\/uploads\/2024\/04\/Horizontal-charcoal-stove-1-150x113.webp 150w\" sizes=\"auto, (max-width: 720px) 100vw, 720px\" \/><figcaption class=\"wp-element-caption\">Horisontal tr\u00e6kulsovn<\/figcaption><\/figure> <\/div>    <div class=\"wp-block-column is-vertically-aligned-center is-layout-flow wp-block-column-is-layout-flow\"> <p class=\"has-text-align-center translation-block\"><strong>Horisontal tr\u00e6kulsovn<\/strong><\/p>    <p>Egnet til sm\u00e5 og mellemstore produktioner, med stor forarbejdningskapacitet, praktisk betjening og h\u00f8j karboniseringseffektivitet.<\/p> <\/div> <\/div>    <div class=\"wp-block-columns is-layout-flex wp-container-core-columns-is-layout-9d6595d7 wp-block-columns-is-layout-flex\"> <div class=\"wp-block-column is-layout-flow wp-block-column-is-layout-flow\"> <figure class=\"wp-block-image size-full\"><img loading=\"lazy\" decoding=\"async\" width=\"720\" height=\"540\" src=\"https:\/\/charcoalkilns.com\/wp-content\/uploads\/2024\/04\/Continuous-carbonization-furnace-1.webp\" alt=\"Kontinuerlig karboniseringsovn\" class=\"wp-image-912\" srcset=\"https:\/\/charcoalkilns.com\/wp-content\/uploads\/2024\/04\/Continuous-carbonization-furnace-1.webp 720w, https:\/\/charcoalkilns.com\/wp-content\/uploads\/2024\/04\/Continuous-carbonization-furnace-1-480x360.webp 480w, https:\/\/charcoalkilns.com\/wp-content\/uploads\/2024\/04\/Continuous-carbonization-furnace-1-150x113.webp 150w\" sizes=\"auto, (max-width: 720px) 100vw, 720px\" \/><figcaption class=\"wp-element-caption\">Kontinuerlig karboniseringsovn<\/figcaption><\/figure> <\/div>    <div class=\"wp-block-column is-vertically-aligned-center is-layout-flow wp-block-column-is-layout-flow\"> <p class=\"has-text-align-center translation-block\"><strong>Kontinuerlig karboniseringsovn<\/strong><\/p>    <p>Egnet til storskalaproduktion, i stand til at h\u00e5ndtere en bred vifte af r\u00e5materialer, med h\u00f8j fleksibilitet og tilpasningsevne, ideel til industriel karboniseringsproduktion.<\/p> <\/div> <\/div>    <h2 class=\"wp-block-heading\"><strong>Eftersalgsservice for Shuliy kulfremstillingsmaskine<\/strong><\/h2>    <p>Shuliy Tr\u00e6kulsovn tilbyder en komplet r\u00e6kke eftersalgstjenester, herunder f\u00f8lgende:<\/p>    <ol class=\"wp-block-list\"> <li><strong>Installationsservice<\/strong>: Hvis n\u00f8dvendigt sender vi professionelle teknikere til din placering, ansvarlige for installation og fejlfinding af kulfyrede ovne for at sikre udstyrets normale drift.<\/li>    <li><strong>Brugervejledning<\/strong>: Vi tilbyder detaljerede driftsmanualer og videotutorials for at vejlede dig i korrekt betjening og vedligeholdelse af karboniseringsovnen for at sikre udstyrets langvarige stabile drift.<\/li>    <li><strong>Fejlfinding<\/strong>: Under brugen kan du kontakte vores eftersalgsservice-team n\u00e5r som helst, hvis du oplever udstyrsfejl eller problemer, vi vil reagere hurtigt og sende teknikere til stedet for vedligeholdelse og behandling, for at sikre at kulfyrede maskine vender tilbage til normal drift s\u00e5 hurtigt som muligt.<\/li>    <li><strong>Reservedele<\/strong>: Vi tilbyder originaldele, du kan direkte k\u00f8be h\u00f8jkvalitets originale dele for at sikre udstyrets ydeevne og kvalitet.<\/li>    <li><strong>Regelm\u00e6ssig vedligeholdelse<\/strong>: Vi anbefaler, at du regelm\u00e6ssigt vedligeholder udstyret for at forl\u00e6nge dets levetid og sikre produktiviteten. Vi kan tilbyde vedligeholdelsesprogrammer og -tjenester for at sikre, at udstyret altid er i den bedste arbejdsstand.<\/li>    <li><strong>Teknisk support<\/strong>: Vores eftersalgsservice-team har rig teknisk erfaring og professionel viden, og kan yde teknisk support og r\u00e5dgivning for at l\u00f8se alle former for tekniske og operationelle problemer.<\/li> <\/ol>    <p>Vi er altid forpligtet til at give kunderne kvalitetsservice efter salg for at sikre, at du modtager en tilfredsstillende oplevelse og support under k\u00f8bs- og brugsprocessen.<\/p>   <div class=\"wp-block-image\"> <figure class=\"aligncenter size-full\"><img loading=\"lazy\" decoding=\"async\" width=\"720\" height=\"540\" src=\"https:\/\/charcoalkilns.com\/wp-content\/uploads\/2024\/04\/charcoal-furnace-factory.webp\" alt=\"tr\u00e6kulsovnsfabrik\" class=\"wp-image-473\" srcset=\"https:\/\/charcoalkilns.com\/wp-content\/uploads\/2024\/04\/charcoal-furnace-factory.webp 720w, https:\/\/charcoalkilns.com\/wp-content\/uploads\/2024\/04\/charcoal-furnace-factory-480x360.webp 480w, https:\/\/charcoalkilns.com\/wp-content\/uploads\/2024\/04\/charcoal-furnace-factory-150x113.webp 150w\" sizes=\"auto, (max-width: 720px) 100vw, 720px\" \/><figcaption class=\"wp-element-caption\">tr\u00e6kulsovnsfabrik<\/figcaption><\/figure> <\/div>   <h2 class=\"wp-block-heading\"><strong>Relaterede certifikater om karboniseringsovn<\/strong><\/h2>    <p class=\"translation-block\"><strong>Firmaattest<\/strong><\/p>    <p>Vores virksomhed har en r\u00e6kke godkendelser og certifikater, herunder Oprindelsescertifikat, ISO9001, Forretningslicens, PVOC, SABER, SONCAP osv. Disse certifikater er bevis p\u00e5 vores virksomheds strenge overholdelse af internationale standarder i fremstilling og ledelse samt vores h\u00f8je hensyn til produktkvalitet, milj\u00f8beskyttelse og medarbejders sikkerhed og sundhed.<\/p>   <div class=\"wp-block-image\"> <figure class=\"aligncenter size-large\"><img loading=\"lazy\" decoding=\"async\" width=\"540\" height=\"540\" src=\"https:\/\/charcoalkilns.com\/wp-content\/uploads\/2024\/04\/Company-certificate-540x540.webp\" alt=\"Firmaattest\" class=\"wp-image-477\" srcset=\"https:\/\/charcoalkilns.com\/wp-content\/uploads\/2024\/04\/Company-certificate-540x540.webp 540w, https:\/\/charcoalkilns.com\/wp-content\/uploads\/2024\/04\/Company-certificate-360x360.webp 360w, https:\/\/charcoalkilns.com\/wp-content\/uploads\/2024\/04\/Company-certificate.webp 750w\" sizes=\"auto, (max-width: 540px) 100vw, 540px\" \/><figcaption class=\"wp-element-caption\">Firmaattest<\/figcaption><\/figure> <\/div>   <p class=\"translation-block\"><strong>Certifikat for tr\u00e6kulsmaskine<\/strong><\/p>    <p>Vores produkter har gennemg\u00e5et flere internationale certificeringer og tests og har de tilsvarende produktkvalifikationscertifikater og inspektionscertifikater. Dette er en autoritativ godkendelse af vores produktkvalitet, hvilket sikrer, at vores produkter opfylder internationale standarder og kundernes krav og giver kunderne sikre og p\u00e5lidelige produktgarantier.<\/p>   <div class=\"wp-block-image\"> <figure class=\"aligncenter size-large\"><img loading=\"lazy\" decoding=\"async\" width=\"540\" height=\"540\" src=\"https:\/\/charcoalkilns.com\/wp-content\/uploads\/2024\/04\/charcoal-furnace-certificate-540x540.webp\" alt=\"tr\u00e6kulsovns certifikat\" class=\"wp-image-478\" srcset=\"https:\/\/charcoalkilns.com\/wp-content\/uploads\/2024\/04\/charcoal-furnace-certificate-540x540.webp 540w, https:\/\/charcoalkilns.com\/wp-content\/uploads\/2024\/04\/charcoal-furnace-certificate-360x360.webp 360w, https:\/\/charcoalkilns.com\/wp-content\/uploads\/2024\/04\/charcoal-furnace-certificate.webp 750w\" sizes=\"auto, (max-width: 540px) 100vw, 540px\" \/><figcaption class=\"wp-element-caption\">tr\u00e6kulsovns certifikat<\/figcaption><\/figure> <\/div>   <h2 class=\"wp-block-heading\"><strong>Kunder over hele verden <\/strong><\/h2>    <div class=\"wp-block-columns is-layout-flex wp-container-core-columns-is-layout-9d6595d7 wp-block-columns-is-layout-flex\"> <div class=\"wp-block-column is-layout-flow wp-block-column-is-layout-flow\"> <figure class=\"wp-block-image size-full\"><img loading=\"lazy\" decoding=\"async\" width=\"720\" height=\"540\" src=\"https:\/\/charcoalkilns.com\/wp-content\/uploads\/2024\/04\/charcoal-furnace-factory-visit.webp\" alt=\"kulovn fabrikbes\u00f8g\" class=\"wp-image-459\" srcset=\"https:\/\/charcoalkilns.com\/wp-content\/uploads\/2024\/04\/charcoal-furnace-factory-visit.webp 720w, https:\/\/charcoalkilns.com\/wp-content\/uploads\/2024\/04\/charcoal-furnace-factory-visit-480x360.webp 480w, https:\/\/charcoalkilns.com\/wp-content\/uploads\/2024\/04\/charcoal-furnace-factory-visit-150x113.webp 150w\" sizes=\"auto, (max-width: 720px) 100vw, 720px\" \/><figcaption class=\"wp-element-caption\">kulovn fabrikbes\u00f8g<\/figcaption><\/figure> <\/div>    <div class=\"wp-block-column is-vertically-aligned-center is-layout-flow wp-block-column-is-layout-flow\"> <p>Vores kunde fra Kenya bes\u00f8gte vores karboniseringsovnsfabrik.<\/p> <\/div> <\/div>    <div class=\"wp-block-columns is-layout-flex wp-container-core-columns-is-layout-9d6595d7 wp-block-columns-is-layout-flex\"> <div class=\"wp-block-column is-vertically-aligned-center is-layout-flow wp-block-column-is-layout-flow\"> <p>Den indonesiske kunde kom for at bes\u00f8ge tr\u00e6kulsmasseproduktionsanl\u00e6gget.<\/p> <\/div>    <div class=\"wp-block-column is-layout-flow wp-block-column-is-layout-flow\"> <figure class=\"wp-block-image size-full\"><img loading=\"lazy\" decoding=\"async\" width=\"720\" height=\"540\" src=\"https:\/\/charcoalkilns.com\/wp-content\/uploads\/2024\/04\/customer-visited-charcoal-machine-factory.webp\" alt=\"kunde bes\u00f8gte kulmaskinefabrik\" class=\"wp-image-484\" srcset=\"https:\/\/charcoalkilns.com\/wp-content\/uploads\/2024\/04\/customer-visited-charcoal-machine-factory.webp 720w, https:\/\/charcoalkilns.com\/wp-content\/uploads\/2024\/04\/customer-visited-charcoal-machine-factory-480x360.webp 480w, https:\/\/charcoalkilns.com\/wp-content\/uploads\/2024\/04\/customer-visited-charcoal-machine-factory-150x113.webp 150w\" sizes=\"auto, (max-width: 720px) 100vw, 720px\" \/><figcaption class=\"wp-element-caption\">kunde bes\u00f8gte kulmaskinefabrik<\/figcaption><\/figure> <\/div> <\/div>","protected":false},"excerpt":{"rendered":"<p>As a charcoal furnace manufacturer, we have competitive prices and offer cost-effective products. We have a professional team that provides a full range of pre-sales and after-sales services to ensure that our customers&#8217; needs are met. Focusing on product quality and technological innovation, we are committed to providing our customers with high-quality and high-efficiency charcoal&#8230;<\/p>","protected":false},"author":1,"featured_media":0,"parent":0,"menu_order":0,"comment_status":"closed","ping_status":"closed","template":"","meta":{"_kad_blocks_custom_css":"","_kad_blocks_head_custom_js":"","_kad_blocks_body_custom_js":"","_kad_blocks_footer_custom_js":"","_kad_post_transparent":"","_kad_post_title":"default","_kad_post_layout":"","_kad_post_sidebar_id":"","_kad_post_content_style":"","_kad_post_vertical_padding":"hide","_kad_post_feature":"","_kad_post_feature_position":"","_kad_post_header":false,"_kad_post_footer":false,"_kad_post_classname":"","footnotes":""},"class_list":["post-13","page","type-page","status-publish","hentry"],"taxonomy_info":[],"featured_image_src_large":false,"author_info":{"display_name":"Malinda Lin","author_link":"https:\/\/charcoalkilns.com\/da\/author\/adminmalinda\/"},"comment_info":0,"_links":{"self":[{"href":"https:\/\/charcoalkilns.com\/da\/wp-json\/wp\/v2\/pages\/13","targetHints":{"allow":["GET"]}}],"collection":[{"href":"https:\/\/charcoalkilns.com\/da\/wp-json\/wp\/v2\/pages"}],"about":[{"href":"https:\/\/charcoalkilns.com\/da\/wp-json\/wp\/v2\/types\/page"}],"author":[{"embeddable":true,"href":"https:\/\/charcoalkilns.com\/da\/wp-json\/wp\/v2\/users\/1"}],"replies":[{"embeddable":true,"href":"https:\/\/charcoalkilns.com\/da\/wp-json\/wp\/v2\/comments?post=13"}],"version-history":[{"count":0,"href":"https:\/\/charcoalkilns.com\/da\/wp-json\/wp\/v2\/pages\/13\/revisions"}],"wp:attachment":[{"href":"https:\/\/charcoalkilns.com\/da\/wp-json\/wp\/v2\/media?parent=13"}],"curies":[{"name":"wp","href":"https:\/\/api.w.org\/{rel}","templated":true}]}}