{"id":13,"date":"2024-04-01T18:00:25","date_gmt":"2024-04-01T10:00:25","guid":{"rendered":"https:\/\/charcoalkilns.com\/?page_id=13"},"modified":"2024-04-17T16:58:50","modified_gmt":"2024-04-17T08:58:50","slug":"about-us","status":"publish","type":"page","link":"https:\/\/charcoalkilns.com\/es\/about-us\/","title":{"rendered":"Fabricante y proveedor profesional de m\u00e1quinas de carb\u00f3n."},"content":{"rendered":"<p>Como fabricante de hornos de carb\u00f3n, tenemos precios competitivos y ofrecemos productos rentables. Contamos con un equipo profesional que brinda una gama completa de servicios de preventa y posventa para garantizar que se satisfagan las necesidades de nuestros clientes. <\/p>    <p>Centr\u00e1ndonos en la calidad del producto y la innovaci\u00f3n tecnol\u00f3gica, estamos comprometidos a brindar a nuestros clientes soluciones de hornos para producci\u00f3n de carb\u00f3n vegetal de alta calidad y alta eficiencia.<\/p>    <h2 class=\"wp-block-heading\"><strong>M\u00e1quinas de carb\u00f3n m\u00e1s vendidas<\/strong><\/h2>    <p>Ofrecemos muchos tipos de hornos de carb\u00f3n a la venta. Los tipos se muestran a continuaci\u00f3n para su referencia:<\/p>    <div class=\"wp-block-columns is-layout-flex wp-container-core-columns-is-layout-9d6595d7 wp-block-columns-is-layout-flex\"> <div class=\"wp-block-column is-layout-flow wp-block-column-is-layout-flow\"> <figure class=\"wp-block-image size-full\"><img loading=\"lazy\" decoding=\"async\" width=\"720\" height=\"540\" src=\"https:\/\/charcoalkilns.com\/wp-content\/uploads\/2024\/04\/Vertical-carbonization-furnace.webp\" alt=\"Horno de carbonizaci\u00f3n vertical\" class=\"wp-image-907\" srcset=\"https:\/\/charcoalkilns.com\/wp-content\/uploads\/2024\/04\/Vertical-carbonization-furnace.webp 720w, https:\/\/charcoalkilns.com\/wp-content\/uploads\/2024\/04\/Vertical-carbonization-furnace-480x360.webp 480w, https:\/\/charcoalkilns.com\/wp-content\/uploads\/2024\/04\/Vertical-carbonization-furnace-150x113.webp 150w\" sizes=\"auto, (max-width: 720px) 100vw, 720px\" \/><figcaption class=\"wp-element-caption\">Horno de carbonizaci\u00f3n vertical<\/figcaption><\/figure> <\/div>    <div class=\"wp-block-column is-vertically-aligned-center is-layout-flow wp-block-column-is-layout-flow\"> <p class=\"has-text-align-center translation-block\"><strong>Horno de carbonizaci\u00f3n vertical<\/strong><\/p>    <p>Adecuado para la producci\u00f3n de carb\u00f3n vegetal a peque\u00f1a y mediana escala, de estructura simple, f\u00e1cil de operar y mantener, capaz de completar eficientemente el proceso de carbonizaci\u00f3n de materias primas como troncos de madera, briquetas de aserr\u00edn, etc.<\/p> <\/div> <\/div>    <div class=\"wp-block-columns is-layout-flex wp-container-core-columns-is-layout-9d6595d7 wp-block-columns-is-layout-flex\"> <div class=\"wp-block-column is-layout-flow wp-block-column-is-layout-flow\"> <figure class=\"wp-block-image size-full\"><img loading=\"lazy\" decoding=\"async\" width=\"720\" height=\"540\" src=\"https:\/\/charcoalkilns.com\/wp-content\/uploads\/2024\/04\/Horizontal-charcoal-stove-1.webp\" alt=\"Estufa de carb\u00f3n horizontal\" class=\"wp-image-915\" srcset=\"https:\/\/charcoalkilns.com\/wp-content\/uploads\/2024\/04\/Horizontal-charcoal-stove-1.webp 720w, https:\/\/charcoalkilns.com\/wp-content\/uploads\/2024\/04\/Horizontal-charcoal-stove-1-480x360.webp 480w, https:\/\/charcoalkilns.com\/wp-content\/uploads\/2024\/04\/Horizontal-charcoal-stove-1-150x113.webp 150w\" sizes=\"auto, (max-width: 720px) 100vw, 720px\" \/><figcaption class=\"wp-element-caption\">Estufa de carb\u00f3n horizontal<\/figcaption><\/figure> <\/div>    <div class=\"wp-block-column is-vertically-aligned-center is-layout-flow wp-block-column-is-layout-flow\"> <p class=\"has-text-align-center translation-block\"><strong>Estufa de carb\u00f3n horizontal<\/strong><\/p>    <p>Adecuado para producci\u00f3n a peque\u00f1a y mediana escala, con gran capacidad de procesamiento, operaci\u00f3n conveniente y alta eficiencia de carbonizaci\u00f3n.<\/p> <\/div> <\/div>    <div class=\"wp-block-columns is-layout-flex wp-container-core-columns-is-layout-9d6595d7 wp-block-columns-is-layout-flex\"> <div class=\"wp-block-column is-layout-flow wp-block-column-is-layout-flow\"> <figure class=\"wp-block-image size-full\"><img loading=\"lazy\" decoding=\"async\" width=\"720\" height=\"540\" src=\"https:\/\/charcoalkilns.com\/wp-content\/uploads\/2024\/04\/Continuous-carbonization-furnace-1.webp\" alt=\"Horno de carbonizaci\u00f3n continua\" class=\"wp-image-912\" srcset=\"https:\/\/charcoalkilns.com\/wp-content\/uploads\/2024\/04\/Continuous-carbonization-furnace-1.webp 720w, https:\/\/charcoalkilns.com\/wp-content\/uploads\/2024\/04\/Continuous-carbonization-furnace-1-480x360.webp 480w, https:\/\/charcoalkilns.com\/wp-content\/uploads\/2024\/04\/Continuous-carbonization-furnace-1-150x113.webp 150w\" sizes=\"auto, (max-width: 720px) 100vw, 720px\" \/><figcaption class=\"wp-element-caption\">Horno de carbonizaci\u00f3n continua<\/figcaption><\/figure> <\/div>    <div class=\"wp-block-column is-vertically-aligned-center is-layout-flow wp-block-column-is-layout-flow\"> <p class=\"has-text-align-center translation-block\"><strong>Horno de carbonizaci\u00f3n continua<\/strong><\/p>    <p>Adecuado para producci\u00f3n a gran escala, capaz de manejar una amplia gama de materias primas, con alta flexibilidad y adaptabilidad, ideal para producci\u00f3n de carbonizaci\u00f3n de grado industrial.<\/p> <\/div> <\/div>    <h2 class=\"wp-block-heading\"><strong>Servicio posventa para la m\u00e1quina para fabricar carb\u00f3n Shuliy<\/strong><\/h2>    <p>Shuliy Charcoal Furnace ofrece una gama completa de servicios posventa, que incluyen lo siguiente:<\/p>    <ol class=\"wp-block-list\"> <li><strong>Servicio de instalaci\u00f3n<\/strong>: Si es necesario, enviamos t\u00e9cnicos profesionales a su sitio, responsables de instalar y depurar el equipo del horno de carbonizaci\u00f3n para garantizar el funcionamiento normal del equipo.<\/li>    <li><strong>Utilice la gu\u00eda<\/strong>: Proporcionamos manuales de operaci\u00f3n detallados y tutoriales en video para guiarlo en la operaci\u00f3n y mantenimiento correctos del horno de carbonizaci\u00f3n para garantizar el funcionamiento estable a largo plazo del equipo.<\/li>    <li><strong>Soluci\u00f3n de problemas<\/strong>: En el proceso de uso, si encuentra fallas o problemas en el equipo, puede comunicarse con nuestro equipo de servicio posventa en cualquier momento, responderemos a tiempo y enviaremos t\u00e9cnicos al lugar para mantenimiento y procesamiento, para garantizar que la m\u00e1quina carbonizadora lo antes posible para volver al funcionamiento normal.<\/li>    <li><strong>Suministro de repuestos<\/strong>: Brindamos servicio de suministro de repuestos originales, puede comprar directamente repuestos originales de alta calidad para garantizar el rendimiento y la calidad del equipo.<\/li>    <li><strong>Mantenimiento regular<\/strong>: Le sugerimos que realice un mantenimiento regular del equipo para extender la vida \u00fatil del equipo y garantizar la eficiencia de la producci\u00f3n. Podemos proporcionar programas y servicios de mantenimiento para garantizar que el equipo est\u00e9 siempre en las mejores condiciones de funcionamiento.<\/li>    <li><strong>Apoyo t\u00e9cnico<\/strong>: Nuestro equipo de servicio posventa tiene una rica experiencia t\u00e9cnica y conocimiento profesional, y puede brindar soporte t\u00e9cnico y servicios de consultor\u00eda para resolver todo tipo de problemas t\u00e9cnicos y operativos.<\/li> <\/ol>    <p>Siempre estamos comprometidos a brindar a los clientes un servicio posventa de calidad para garantizar que reciban una experiencia y soporte satisfactorios durante el proceso de compra y uso.<\/p>   <div class=\"wp-block-image\"> <figure class=\"aligncenter size-full\"><img loading=\"lazy\" decoding=\"async\" width=\"720\" height=\"540\" src=\"https:\/\/charcoalkilns.com\/wp-content\/uploads\/2024\/04\/charcoal-furnace-factory.webp\" alt=\"f\u00e1brica de hornos de carb\u00f3n\" class=\"wp-image-473\" srcset=\"https:\/\/charcoalkilns.com\/wp-content\/uploads\/2024\/04\/charcoal-furnace-factory.webp 720w, https:\/\/charcoalkilns.com\/wp-content\/uploads\/2024\/04\/charcoal-furnace-factory-480x360.webp 480w, https:\/\/charcoalkilns.com\/wp-content\/uploads\/2024\/04\/charcoal-furnace-factory-150x113.webp 150w\" sizes=\"auto, (max-width: 720px) 100vw, 720px\" \/><figcaption class=\"wp-element-caption\">f\u00e1brica de hornos de carb\u00f3n<\/figcaption><\/figure> <\/div>   <h2 class=\"wp-block-heading\"><strong>Certificados relacionados sobre horno de carbonizaci\u00f3n.<\/strong><\/h2>    <p class=\"translation-block\"><strong>Certificado de empresa<\/strong><\/p>    <p>Nuestra empresa cuenta con una serie de acreditaciones y certificados, entre ellos Certificado de Origen, ISO9001, Licencia Comercial, PVOC, SABRE, SONCAP, etc. Estos certificados son prueba del estricto cumplimiento de nuestra empresa con los est\u00e1ndares internacionales en fabricaci\u00f3n y gesti\u00f3n, as\u00ed como nuestro alto respeto por la calidad del producto, la protecci\u00f3n del medio ambiente y la seguridad y salud de los empleados.<\/p>   <div class=\"wp-block-image\"> <figure class=\"aligncenter size-large\"><img loading=\"lazy\" decoding=\"async\" width=\"540\" height=\"540\" src=\"https:\/\/charcoalkilns.com\/wp-content\/uploads\/2024\/04\/Company-certificate-540x540.webp\" alt=\"Certificado de empresa\" class=\"wp-image-477\" srcset=\"https:\/\/charcoalkilns.com\/wp-content\/uploads\/2024\/04\/Company-certificate-540x540.webp 540w, https:\/\/charcoalkilns.com\/wp-content\/uploads\/2024\/04\/Company-certificate-360x360.webp 360w, https:\/\/charcoalkilns.com\/wp-content\/uploads\/2024\/04\/Company-certificate.webp 750w\" sizes=\"auto, (max-width: 540px) 100vw, 540px\" \/><figcaption class=\"wp-element-caption\">Certificado de empresa<\/figcaption><\/figure> <\/div>   <p class=\"translation-block\"><strong>Certificado de m\u00e1quina de carb\u00f3n<\/strong><\/p>    <p>Nuestros productos han pasado por varias certificaciones y pruebas internacionales, y cuentan con los correspondientes certificados de calificaci\u00f3n de producto y certificados de inspecci\u00f3n. Esta es una certificaci\u00f3n autorizada de la calidad de nuestros productos, que garantiza que nuestros productos cumplan con los est\u00e1ndares internacionales y los requisitos de los clientes, y brinda a los clientes garant\u00edas de producto seguras y confiables.<\/p>   <div class=\"wp-block-image\"> <figure class=\"aligncenter size-large\"><img loading=\"lazy\" decoding=\"async\" width=\"540\" height=\"540\" src=\"https:\/\/charcoalkilns.com\/wp-content\/uploads\/2024\/04\/charcoal-furnace-certificate-540x540.webp\" alt=\"certificado de horno de carb\u00f3n\" class=\"wp-image-478\" srcset=\"https:\/\/charcoalkilns.com\/wp-content\/uploads\/2024\/04\/charcoal-furnace-certificate-540x540.webp 540w, https:\/\/charcoalkilns.com\/wp-content\/uploads\/2024\/04\/charcoal-furnace-certificate-360x360.webp 360w, https:\/\/charcoalkilns.com\/wp-content\/uploads\/2024\/04\/charcoal-furnace-certificate.webp 750w\" sizes=\"auto, (max-width: 540px) 100vw, 540px\" \/><figcaption class=\"wp-element-caption\">certificado de horno de carb\u00f3n<\/figcaption><\/figure> <\/div>   <h2 class=\"wp-block-heading\"><strong>Cliente mundial <\/strong><\/h2>    <div class=\"wp-block-columns is-layout-flex wp-container-core-columns-is-layout-9d6595d7 wp-block-columns-is-layout-flex\"> <div class=\"wp-block-column is-layout-flow wp-block-column-is-layout-flow\"> <figure class=\"wp-block-image size-full\"><img loading=\"lazy\" decoding=\"async\" width=\"720\" height=\"540\" src=\"https:\/\/charcoalkilns.com\/wp-content\/uploads\/2024\/04\/charcoal-furnace-factory-visit.webp\" alt=\"visita a la f\u00e1brica de hornos de carb\u00f3n\" class=\"wp-image-459\" srcset=\"https:\/\/charcoalkilns.com\/wp-content\/uploads\/2024\/04\/charcoal-furnace-factory-visit.webp 720w, https:\/\/charcoalkilns.com\/wp-content\/uploads\/2024\/04\/charcoal-furnace-factory-visit-480x360.webp 480w, https:\/\/charcoalkilns.com\/wp-content\/uploads\/2024\/04\/charcoal-furnace-factory-visit-150x113.webp 150w\" sizes=\"auto, (max-width: 720px) 100vw, 720px\" \/><figcaption class=\"wp-element-caption\">visita a la f\u00e1brica de hornos de carb\u00f3n<\/figcaption><\/figure> <\/div>    <div class=\"wp-block-column is-vertically-aligned-center is-layout-flow wp-block-column-is-layout-flow\"> <p>Nuestro cliente de Kneyan visit\u00f3 nuestra f\u00e1brica de hornos de carbonizaci\u00f3n.<\/p> <\/div> <\/div>    <div class=\"wp-block-columns is-layout-flex wp-container-core-columns-is-layout-9d6595d7 wp-block-columns-is-layout-flex\"> <div class=\"wp-block-column is-vertically-aligned-center is-layout-flow wp-block-column-is-layout-flow\"> <p>El cliente indonesio vino a visitar la planta de fabricaci\u00f3n de m\u00e1quinas de carb\u00f3n.<\/p> <\/div>    <div class=\"wp-block-column is-layout-flow wp-block-column-is-layout-flow\"> <figure class=\"wp-block-image size-full\"><img loading=\"lazy\" decoding=\"async\" width=\"720\" height=\"540\" src=\"https:\/\/charcoalkilns.com\/wp-content\/uploads\/2024\/04\/customer-visited-charcoal-machine-factory.webp\" alt=\"El cliente visit\u00f3 la f\u00e1brica de m\u00e1quinas de carb\u00f3n.\" class=\"wp-image-484\" srcset=\"https:\/\/charcoalkilns.com\/wp-content\/uploads\/2024\/04\/customer-visited-charcoal-machine-factory.webp 720w, https:\/\/charcoalkilns.com\/wp-content\/uploads\/2024\/04\/customer-visited-charcoal-machine-factory-480x360.webp 480w, https:\/\/charcoalkilns.com\/wp-content\/uploads\/2024\/04\/customer-visited-charcoal-machine-factory-150x113.webp 150w\" sizes=\"auto, (max-width: 720px) 100vw, 720px\" \/><figcaption class=\"wp-element-caption\">El cliente visit\u00f3 la f\u00e1brica de m\u00e1quinas de carb\u00f3n.<\/figcaption><\/figure> <\/div> <\/div>","protected":false},"excerpt":{"rendered":"<p>Como fabricante de hornos de carb\u00f3n, tenemos precios competitivos y ofrecemos productos rentables. Contamos con un equipo profesional que brinda una gama completa de servicios de preventa y posventa para garantizar que se satisfagan las necesidades de nuestros clientes. Centr\u00e1ndonos en la calidad del producto y la innovaci\u00f3n tecnol\u00f3gica, estamos comprometidos a proporcionar a nuestros clientes carb\u00f3n vegetal de alta calidad y alta eficiencia...<\/p>","protected":false},"author":1,"featured_media":0,"parent":0,"menu_order":0,"comment_status":"closed","ping_status":"closed","template":"","meta":{"_kad_blocks_custom_css":"","_kad_blocks_head_custom_js":"","_kad_blocks_body_custom_js":"","_kad_blocks_footer_custom_js":"","_kad_post_transparent":"","_kad_post_title":"default","_kad_post_layout":"","_kad_post_sidebar_id":"","_kad_post_content_style":"","_kad_post_vertical_padding":"hide","_kad_post_feature":"","_kad_post_feature_position":"","_kad_post_header":false,"_kad_post_footer":false,"_kad_post_classname":"","footnotes":""},"class_list":["post-13","page","type-page","status-publish","hentry"],"taxonomy_info":[],"featured_image_src_large":false,"author_info":{"display_name":"Malinda Lin","author_link":"https:\/\/charcoalkilns.com\/es\/author\/adminmalinda\/"},"comment_info":0,"_links":{"self":[{"href":"https:\/\/charcoalkilns.com\/es\/wp-json\/wp\/v2\/pages\/13","targetHints":{"allow":["GET"]}}],"collection":[{"href":"https:\/\/charcoalkilns.com\/es\/wp-json\/wp\/v2\/pages"}],"about":[{"href":"https:\/\/charcoalkilns.com\/es\/wp-json\/wp\/v2\/types\/page"}],"author":[{"embeddable":true,"href":"https:\/\/charcoalkilns.com\/es\/wp-json\/wp\/v2\/users\/1"}],"replies":[{"embeddable":true,"href":"https:\/\/charcoalkilns.com\/es\/wp-json\/wp\/v2\/comments?post=13"}],"version-history":[{"count":0,"href":"https:\/\/charcoalkilns.com\/es\/wp-json\/wp\/v2\/pages\/13\/revisions"}],"wp:attachment":[{"href":"https:\/\/charcoalkilns.com\/es\/wp-json\/wp\/v2\/media?parent=13"}],"curies":[{"name":"wp","href":"https:\/\/api.w.org\/{rel}","templated":true}]}}