{"id":13,"date":"2024-04-01T18:00:25","date_gmt":"2024-04-01T10:00:25","guid":{"rendered":"https:\/\/charcoalkilns.com\/?page_id=13"},"modified":"2024-04-17T16:58:50","modified_gmt":"2024-04-17T08:58:50","slug":"about-us","status":"publish","type":"page","link":"https:\/\/charcoalkilns.com\/fr\/about-us\/","title":{"rendered":"Fabricant et fournisseur professionnel de machines \u00e0 charbon de bois"},"content":{"rendered":"<p>En tant que fabricant de fours \u00e0 charbon de bois, nous proposons des prix comp\u00e9titifs et des produits rentables. Nous disposons d\u2019une \u00e9quipe professionnelle qui fournit une gamme compl\u00e8te de services avant-vente et apr\u00e8s-vente pour garantir que les besoins de nos clients sont satisfaits. <\/p>    <p>En nous concentrant sur la qualit\u00e9 des produits et l\u2019innovation technologique, nous nous engageons \u00e0 fournir \u00e0 nos clients des solutions de fours \u00e0 charbon de bois de haute qualit\u00e9 et \u00e0 haut rendement.<\/p>    <h2 class=\"wp-block-heading\"><strong>Machines \u00e0 charbon de bois les plus vendues<\/strong><\/h2>    <p>Nous proposons \u00e0 la vente de nombreux types de fours \u00e0 charbon. Les types sont indiqu\u00e9s ci-dessous pour votre r\u00e9f\u00e9rence\u00a0:<\/p>    <div class=\"wp-block-columns is-layout-flex wp-container-core-columns-is-layout-9d6595d7 wp-block-columns-is-layout-flex\"> <div class=\"wp-block-column is-layout-flow wp-block-column-is-layout-flow\"> <figure class=\"wp-block-image size-full\"><img loading=\"lazy\" decoding=\"async\" width=\"720\" height=\"540\" src=\"https:\/\/charcoalkilns.com\/wp-content\/uploads\/2024\/04\/Vertical-carbonization-furnace.webp\" alt=\"Four de carbonisation vertical\" class=\"wp-image-907\" srcset=\"https:\/\/charcoalkilns.com\/wp-content\/uploads\/2024\/04\/Vertical-carbonization-furnace.webp 720w, https:\/\/charcoalkilns.com\/wp-content\/uploads\/2024\/04\/Vertical-carbonization-furnace-480x360.webp 480w, https:\/\/charcoalkilns.com\/wp-content\/uploads\/2024\/04\/Vertical-carbonization-furnace-150x113.webp 150w\" sizes=\"auto, (max-width: 720px) 100vw, 720px\" \/><figcaption class=\"wp-element-caption\">Four de carbonisation vertical<\/figcaption><\/figure> <\/div>    <div class=\"wp-block-column is-vertically-aligned-center is-layout-flow wp-block-column-is-layout-flow\"> <p class=\"has-text-align-center translation-block\"><strong>Fumoir de carbonisation vertical<\/strong><\/p>    <p>Convient \u00e0 la production de charbon de bois \u00e0 petite et moyenne \u00e9chelle, avec une structure simple, facile \u00e0 utiliser et \u00e0 entretenir, capable de compl\u00e9ter efficacement le processus de carbonisation des mati\u00e8res premi\u00e8res telles que les b\u00fbches de bois, les briquettes de sciure de bois, etc.<\/p> <\/div> <\/div>    <div class=\"wp-block-columns is-layout-flex wp-container-core-columns-is-layout-9d6595d7 wp-block-columns-is-layout-flex\"> <div class=\"wp-block-column is-layout-flow wp-block-column-is-layout-flow\"> <figure class=\"wp-block-image size-full\"><img loading=\"lazy\" decoding=\"async\" width=\"720\" height=\"540\" src=\"https:\/\/charcoalkilns.com\/wp-content\/uploads\/2024\/04\/Horizontal-charcoal-stove-1.webp\" alt=\"Po\u00eale \u00e0 charbon horizontal\" class=\"wp-image-915\" srcset=\"https:\/\/charcoalkilns.com\/wp-content\/uploads\/2024\/04\/Horizontal-charcoal-stove-1.webp 720w, https:\/\/charcoalkilns.com\/wp-content\/uploads\/2024\/04\/Horizontal-charcoal-stove-1-480x360.webp 480w, https:\/\/charcoalkilns.com\/wp-content\/uploads\/2024\/04\/Horizontal-charcoal-stove-1-150x113.webp 150w\" sizes=\"auto, (max-width: 720px) 100vw, 720px\" \/><figcaption class=\"wp-element-caption\">Po\u00eale \u00e0 charbon horizontal<\/figcaption><\/figure> <\/div>    <div class=\"wp-block-column is-vertically-aligned-center is-layout-flow wp-block-column-is-layout-flow\"> <p class=\"has-text-align-center translation-block\"><strong>Po\u00eale \u00e0 charbon horizontal<\/strong><\/p>    <p>Convient \u00e0 la production \u00e0 petite et moyenne \u00e9chelle, avec une grande capacit\u00e9 de traitement, un fonctionnement pratique et une efficacit\u00e9 de carbonisation \u00e9lev\u00e9e.<\/p> <\/div> <\/div>    <div class=\"wp-block-columns is-layout-flex wp-container-core-columns-is-layout-9d6595d7 wp-block-columns-is-layout-flex\"> <div class=\"wp-block-column is-layout-flow wp-block-column-is-layout-flow\"> <figure class=\"wp-block-image size-full\"><img loading=\"lazy\" decoding=\"async\" width=\"720\" height=\"540\" src=\"https:\/\/charcoalkilns.com\/wp-content\/uploads\/2024\/04\/Continuous-carbonization-furnace-1.webp\" alt=\"Four de carbonisation continue\" class=\"wp-image-912\" srcset=\"https:\/\/charcoalkilns.com\/wp-content\/uploads\/2024\/04\/Continuous-carbonization-furnace-1.webp 720w, https:\/\/charcoalkilns.com\/wp-content\/uploads\/2024\/04\/Continuous-carbonization-furnace-1-480x360.webp 480w, https:\/\/charcoalkilns.com\/wp-content\/uploads\/2024\/04\/Continuous-carbonization-furnace-1-150x113.webp 150w\" sizes=\"auto, (max-width: 720px) 100vw, 720px\" \/><figcaption class=\"wp-element-caption\">Four de carbonisation continue<\/figcaption><\/figure> <\/div>    <div class=\"wp-block-column is-vertically-aligned-center is-layout-flow wp-block-column-is-layout-flow\"> <p class=\"has-text-align-center translation-block\"><strong>Fumoir de carbonisation continu<\/strong><\/p>    <p>Adapt\u00e9 \u00e0 la production \u00e0 grande \u00e9chelle, capable de traiter une large gamme de mati\u00e8res premi\u00e8res, avec une flexibilit\u00e9 et une adaptabilit\u00e9 \u00e9lev\u00e9es, id\u00e9al pour la production par carbonisation de qualit\u00e9 industrielle.<\/p> <\/div> <\/div>    <h2 class=\"wp-block-heading\"><strong>Service apr\u00e8s-vente pour la machine de fabrication de charbon de bois Shuliy<\/strong><\/h2>    <p>Shuliy Charcoal Furnace propose une gamme compl\u00e8te de services apr\u00e8s-vente, notamment les suivants\u00a0:<\/p>    <ol class=\"wp-block-list\"> <li><strong>Prestation d'installation<\/strong>: Si n\u00e9cessaire, nous envoyons des techniciens professionnels sur votre site, charg\u00e9s d'installer et de d\u00e9boguer l'\u00e9quipement du four de charbonnage afin d'assurer le fonctionnement normal de l'\u00e9quipement.<\/li>    <li><strong>Utiliser les conseils<\/strong>: Nous fournissons des manuels d'utilisation d\u00e9taill\u00e9s et des didacticiels vid\u00e9o pour vous guider dans l'exploitation et l'entretien corrects du four de carbonisation afin de garantir le fonctionnement stable \u00e0 long terme de l'\u00e9quipement.<\/li>    <li><strong>D\u00e9pannage<\/strong>: En cours d'utilisation, si vous rencontrez une panne ou des probl\u00e8mes d'\u00e9quipement, vous pouvez contacter notre \u00e9quipe de service apr\u00e8s-vente \u00e0 tout moment, nous r\u00e9pondrons \u00e0 temps et enverrons des techniciens sur place pour la maintenance et le traitement, afin de garantir que la machine de carbonisation d\u00e8s que possible pour revenir \u00e0 un fonctionnement normal.<\/li>    <li><strong>Fourniture de pi\u00e8ces de rechange<\/strong>: Nous fournissons un service de fourniture de pi\u00e8ces d'origine, vous pouvez acheter directement des pi\u00e8ces d'origine de haute qualit\u00e9 pour garantir les performances et la qualit\u00e9 de l'\u00e9quipement.<\/li>    <li><strong>Entretien r\u00e9gulier<\/strong>: Nous vous sugg\u00e9rons d'effectuer un entretien r\u00e9gulier de l'\u00e9quipement pour prolonger la dur\u00e9e de vie de l'\u00e9quipement et garantir l'efficacit\u00e9 de la production. Nous pouvons fournir des programmes et des services de maintenance pour garantir que l'\u00e9quipement est toujours dans le meilleur \u00e9tat de fonctionnement.<\/li>    <li><strong>Assistance technique<\/strong>: Notre \u00e9quipe de service apr\u00e8s-vente poss\u00e8de une riche exp\u00e9rience technique et des connaissances professionnelles, et peut fournir des services d'assistance technique et de conseil pour r\u00e9soudre toutes sortes de probl\u00e8mes techniques et op\u00e9rationnels.<\/li> <\/ol>    <p>Nous nous engageons toujours \u00e0 fournir aux clients un service apr\u00e8s-vente de qualit\u00e9 pour garantir que vous recevez une exp\u00e9rience et un soutien satisfaisants pendant le processus d'achat et d'utilisation.<\/p>   <div class=\"wp-block-image\"> <figure class=\"aligncenter size-full\"><img loading=\"lazy\" decoding=\"async\" width=\"720\" height=\"540\" src=\"https:\/\/charcoalkilns.com\/wp-content\/uploads\/2024\/04\/charcoal-furnace-factory.webp\" alt=\"usine de fours \u00e0 charbon de bois\" class=\"wp-image-473\" srcset=\"https:\/\/charcoalkilns.com\/wp-content\/uploads\/2024\/04\/charcoal-furnace-factory.webp 720w, https:\/\/charcoalkilns.com\/wp-content\/uploads\/2024\/04\/charcoal-furnace-factory-480x360.webp 480w, https:\/\/charcoalkilns.com\/wp-content\/uploads\/2024\/04\/charcoal-furnace-factory-150x113.webp 150w\" sizes=\"auto, (max-width: 720px) 100vw, 720px\" \/><figcaption class=\"wp-element-caption\">usine de fours \u00e0 charbon de bois<\/figcaption><\/figure> <\/div>   <h2 class=\"wp-block-heading\"><strong>Certificats associ\u00e9s sur le four de carbonisation<\/strong><\/h2>    <p class=\"translation-block\"><strong>Certificat de l'entreprise<\/strong><\/p>    <p>Notre soci\u00e9t\u00e9 dispose d'une s\u00e9rie d'accr\u00e9ditations et de certificats, notamment le certificat d'origine, ISO9001, la licence commerciale, PVOC, SABRE, SONCAP, etc. Ces certificats sont la preuve du strict respect par notre entreprise des normes internationales en mati\u00e8re de fabrication et de gestion, ainsi que de notre haute respect de la qualit\u00e9 des produits, de la protection de l\u2019environnement et de la s\u00e9curit\u00e9 et de la sant\u00e9 des employ\u00e9s.<\/p>   <div class=\"wp-block-image\"> <figure class=\"aligncenter size-large\"><img loading=\"lazy\" decoding=\"async\" width=\"540\" height=\"540\" src=\"https:\/\/charcoalkilns.com\/wp-content\/uploads\/2024\/04\/Company-certificate-540x540.webp\" alt=\"Certificat d&#039;entreprise\" class=\"wp-image-477\" srcset=\"https:\/\/charcoalkilns.com\/wp-content\/uploads\/2024\/04\/Company-certificate-540x540.webp 540w, https:\/\/charcoalkilns.com\/wp-content\/uploads\/2024\/04\/Company-certificate-360x360.webp 360w, https:\/\/charcoalkilns.com\/wp-content\/uploads\/2024\/04\/Company-certificate.webp 750w\" sizes=\"auto, (max-width: 540px) 100vw, 540px\" \/><figcaption class=\"wp-element-caption\">Certificat d'entreprise<\/figcaption><\/figure> <\/div>   <p class=\"translation-block\"><strong>Certificat de machine \u00e0 charbon<\/strong><\/p>    <p>Nos produits ont pass\u00e9 plusieurs certifications et tests internationaux et disposent des certificats de qualification de produit et des certificats d'inspection correspondants. Il s'agit d'une certification faisant autorit\u00e9 de la qualit\u00e9 de nos produits, garantissant que nos produits r\u00e9pondent aux normes internationales et aux exigences des clients, et offrant aux clients des garanties de produits assur\u00e9es et fiables.<\/p>   <div class=\"wp-block-image\"> <figure class=\"aligncenter size-large\"><img loading=\"lazy\" decoding=\"async\" width=\"540\" height=\"540\" src=\"https:\/\/charcoalkilns.com\/wp-content\/uploads\/2024\/04\/charcoal-furnace-certificate-540x540.webp\" alt=\"certificat de four \u00e0 charbon de bois\" class=\"wp-image-478\" srcset=\"https:\/\/charcoalkilns.com\/wp-content\/uploads\/2024\/04\/charcoal-furnace-certificate-540x540.webp 540w, https:\/\/charcoalkilns.com\/wp-content\/uploads\/2024\/04\/charcoal-furnace-certificate-360x360.webp 360w, https:\/\/charcoalkilns.com\/wp-content\/uploads\/2024\/04\/charcoal-furnace-certificate.webp 750w\" sizes=\"auto, (max-width: 540px) 100vw, 540px\" \/><figcaption class=\"wp-element-caption\">certificat de four \u00e0 charbon de bois<\/figcaption><\/figure> <\/div>   <h2 class=\"wp-block-heading\"><strong>Client mondial <\/strong><\/h2>    <div class=\"wp-block-columns is-layout-flex wp-container-core-columns-is-layout-9d6595d7 wp-block-columns-is-layout-flex\"> <div class=\"wp-block-column is-layout-flow wp-block-column-is-layout-flow\"> <figure class=\"wp-block-image size-full\"><img loading=\"lazy\" decoding=\"async\" width=\"720\" height=\"540\" src=\"https:\/\/charcoalkilns.com\/wp-content\/uploads\/2024\/04\/charcoal-furnace-factory-visit.webp\" alt=\"visite d&#039;une usine de fours \u00e0 charbon de bois\" class=\"wp-image-459\" srcset=\"https:\/\/charcoalkilns.com\/wp-content\/uploads\/2024\/04\/charcoal-furnace-factory-visit.webp 720w, https:\/\/charcoalkilns.com\/wp-content\/uploads\/2024\/04\/charcoal-furnace-factory-visit-480x360.webp 480w, https:\/\/charcoalkilns.com\/wp-content\/uploads\/2024\/04\/charcoal-furnace-factory-visit-150x113.webp 150w\" sizes=\"auto, (max-width: 720px) 100vw, 720px\" \/><figcaption class=\"wp-element-caption\">visite d'une usine de fours \u00e0 charbon de bois<\/figcaption><\/figure> <\/div>    <div class=\"wp-block-column is-vertically-aligned-center is-layout-flow wp-block-column-is-layout-flow\"> <p>Notre client Kneyan a visit\u00e9 notre usine de fours de carbonisation.<\/p> <\/div> <\/div>    <div class=\"wp-block-columns is-layout-flex wp-container-core-columns-is-layout-9d6595d7 wp-block-columns-is-layout-flex\"> <div class=\"wp-block-column is-vertically-aligned-center is-layout-flow wp-block-column-is-layout-flow\"> <p>Le client indon\u00e9sien est venu visiter l\u2019usine de fabrication de machines \u00e0 charbon.<\/p> <\/div>    <div class=\"wp-block-column is-layout-flow wp-block-column-is-layout-flow\"> <figure class=\"wp-block-image size-full\"><img loading=\"lazy\" decoding=\"async\" width=\"720\" height=\"540\" src=\"https:\/\/charcoalkilns.com\/wp-content\/uploads\/2024\/04\/customer-visited-charcoal-machine-factory.webp\" alt=\"Le client a visit\u00e9 une usine de machines \u00e0 charbon de bois\" class=\"wp-image-484\" srcset=\"https:\/\/charcoalkilns.com\/wp-content\/uploads\/2024\/04\/customer-visited-charcoal-machine-factory.webp 720w, https:\/\/charcoalkilns.com\/wp-content\/uploads\/2024\/04\/customer-visited-charcoal-machine-factory-480x360.webp 480w, https:\/\/charcoalkilns.com\/wp-content\/uploads\/2024\/04\/customer-visited-charcoal-machine-factory-150x113.webp 150w\" sizes=\"auto, (max-width: 720px) 100vw, 720px\" \/><figcaption class=\"wp-element-caption\">Le client a visit\u00e9 une usine de machines \u00e0 charbon de bois<\/figcaption><\/figure> <\/div> <\/div>","protected":false},"excerpt":{"rendered":"<p>En tant que fabricant de fours \u00e0 charbon de bois, nous proposons des prix comp\u00e9titifs et des produits rentables. Nous disposons d\u2019une \u00e9quipe professionnelle qui fournit une gamme compl\u00e8te de services avant-vente et apr\u00e8s-vente pour garantir que les besoins de nos clients sont satisfaits. En nous concentrant sur la qualit\u00e9 des produits et l\u2019innovation technologique, nous nous engageons \u00e0 fournir \u00e0 nos clients du charbon de bois de haute qualit\u00e9 et \u00e0 haute efficacit\u00e9\u2026<\/p>","protected":false},"author":1,"featured_media":0,"parent":0,"menu_order":0,"comment_status":"closed","ping_status":"closed","template":"","meta":{"_kad_blocks_custom_css":"","_kad_blocks_head_custom_js":"","_kad_blocks_body_custom_js":"","_kad_blocks_footer_custom_js":"","_kad_post_transparent":"","_kad_post_title":"default","_kad_post_layout":"","_kad_post_sidebar_id":"","_kad_post_content_style":"","_kad_post_vertical_padding":"hide","_kad_post_feature":"","_kad_post_feature_position":"","_kad_post_header":false,"_kad_post_footer":false,"_kad_post_classname":"","footnotes":""},"class_list":["post-13","page","type-page","status-publish","hentry"],"taxonomy_info":[],"featured_image_src_large":false,"author_info":{"display_name":"Malinda Lin","author_link":"https:\/\/charcoalkilns.com\/fr\/author\/adminmalinda\/"},"comment_info":0,"_links":{"self":[{"href":"https:\/\/charcoalkilns.com\/fr\/wp-json\/wp\/v2\/pages\/13","targetHints":{"allow":["GET"]}}],"collection":[{"href":"https:\/\/charcoalkilns.com\/fr\/wp-json\/wp\/v2\/pages"}],"about":[{"href":"https:\/\/charcoalkilns.com\/fr\/wp-json\/wp\/v2\/types\/page"}],"author":[{"embeddable":true,"href":"https:\/\/charcoalkilns.com\/fr\/wp-json\/wp\/v2\/users\/1"}],"replies":[{"embeddable":true,"href":"https:\/\/charcoalkilns.com\/fr\/wp-json\/wp\/v2\/comments?post=13"}],"version-history":[{"count":0,"href":"https:\/\/charcoalkilns.com\/fr\/wp-json\/wp\/v2\/pages\/13\/revisions"}],"wp:attachment":[{"href":"https:\/\/charcoalkilns.com\/fr\/wp-json\/wp\/v2\/media?parent=13"}],"curies":[{"name":"wp","href":"https:\/\/api.w.org\/{rel}","templated":true}]}}