{"id":13,"date":"2024-04-01T18:00:25","date_gmt":"2024-04-01T10:00:25","guid":{"rendered":"https:\/\/charcoalkilns.com\/?page_id=13"},"modified":"2024-04-17T16:58:50","modified_gmt":"2024-04-17T08:58:50","slug":"about-us","status":"publish","type":"page","link":"https:\/\/charcoalkilns.com\/pt\/about-us\/","title":{"rendered":"Fabricante e fornecedor profissional de m\u00e1quina de carv\u00e3o vegetal"},"content":{"rendered":"<p>Como fabricante de fornos a carv\u00e3o, temos pre\u00e7os competitivos e oferecemos produtos com boa rela\u00e7\u00e3o custo-benef\u00edcio. Contamos com uma equipe profissional que oferece uma gama completa de servi\u00e7os de pr\u00e9-venda e p\u00f3s-venda para garantir que as necessidades de nossos clientes sejam atendidas. <\/p>    <p>Focando na qualidade dos produtos e na inova\u00e7\u00e3o tecnol\u00f3gica, temos o compromisso de fornecer aos nossos clientes solu\u00e7\u00f5es de fornos para produ\u00e7\u00e3o de carv\u00e3o vegetal de alta qualidade e alta efici\u00eancia.<\/p>    <h2 class=\"wp-block-heading\"><strong>M\u00e1quinas de carv\u00e3o mais vendidas<\/strong><\/h2>    <p>Oferecemos muitos tipos de fornos a carv\u00e3o para venda. Os tipos s\u00e3o mostrados abaixo para sua refer\u00eancia:<\/p>    <div class=\"wp-block-columns is-layout-flex wp-container-core-columns-is-layout-9d6595d7 wp-block-columns-is-layout-flex\"> <div class=\"wp-block-column is-layout-flow wp-block-column-is-layout-flow\"> <figure class=\"wp-block-image size-full\"><img loading=\"lazy\" decoding=\"async\" width=\"720\" height=\"540\" src=\"https:\/\/charcoalkilns.com\/wp-content\/uploads\/2024\/04\/Vertical-carbonization-furnace.webp\" alt=\"Forno de carboniza\u00e7\u00e3o vertical\" class=\"wp-image-907\" srcset=\"https:\/\/charcoalkilns.com\/wp-content\/uploads\/2024\/04\/Vertical-carbonization-furnace.webp 720w, https:\/\/charcoalkilns.com\/wp-content\/uploads\/2024\/04\/Vertical-carbonization-furnace-480x360.webp 480w, https:\/\/charcoalkilns.com\/wp-content\/uploads\/2024\/04\/Vertical-carbonization-furnace-150x113.webp 150w\" sizes=\"auto, (max-width: 720px) 100vw, 720px\" \/><figcaption class=\"wp-element-caption\">Forno de carboniza\u00e7\u00e3o vertical<\/figcaption><\/figure> <\/div>    <div class=\"wp-block-column is-vertically-aligned-center is-layout-flow wp-block-column-is-layout-flow\"> <p class=\"has-text-align-center translation-block\"><strong>Fornalha de carboniza\u00e7\u00e3o vertical<\/strong><\/p>    <p>Adequado para produ\u00e7\u00e3o de carv\u00e3o vegetal de pequena e m\u00e9dia escala, com estrutura simples, f\u00e1cil opera\u00e7\u00e3o e manuten\u00e7\u00e3o, capaz de completar com efici\u00eancia o processo de carboniza\u00e7\u00e3o de mat\u00e9rias-primas como toras de madeira, briquetes de serragem, etc.<\/p> <\/div> <\/div>    <div class=\"wp-block-columns is-layout-flex wp-container-core-columns-is-layout-9d6595d7 wp-block-columns-is-layout-flex\"> <div class=\"wp-block-column is-layout-flow wp-block-column-is-layout-flow\"> <figure class=\"wp-block-image size-full\"><img loading=\"lazy\" decoding=\"async\" width=\"720\" height=\"540\" src=\"https:\/\/charcoalkilns.com\/wp-content\/uploads\/2024\/04\/Horizontal-charcoal-stove-1.webp\" alt=\"Fog\u00e3o a carv\u00e3o horizontal\" class=\"wp-image-915\" srcset=\"https:\/\/charcoalkilns.com\/wp-content\/uploads\/2024\/04\/Horizontal-charcoal-stove-1.webp 720w, https:\/\/charcoalkilns.com\/wp-content\/uploads\/2024\/04\/Horizontal-charcoal-stove-1-480x360.webp 480w, https:\/\/charcoalkilns.com\/wp-content\/uploads\/2024\/04\/Horizontal-charcoal-stove-1-150x113.webp 150w\" sizes=\"auto, (max-width: 720px) 100vw, 720px\" \/><figcaption class=\"wp-element-caption\">Fog\u00e3o a carv\u00e3o horizontal<\/figcaption><\/figure> <\/div>    <div class=\"wp-block-column is-vertically-aligned-center is-layout-flow wp-block-column-is-layout-flow\"> <p class=\"has-text-align-center translation-block\"><strong>Fog\u00e3o de carv\u00e3o horizontal<\/strong><\/p>    <p>Adequado para produ\u00e7\u00e3o em pequena e m\u00e9dia escala, com grande capacidade de processamento, opera\u00e7\u00e3o conveniente e alta efici\u00eancia de carboniza\u00e7\u00e3o.<\/p> <\/div> <\/div>    <div class=\"wp-block-columns is-layout-flex wp-container-core-columns-is-layout-9d6595d7 wp-block-columns-is-layout-flex\"> <div class=\"wp-block-column is-layout-flow wp-block-column-is-layout-flow\"> <figure class=\"wp-block-image size-full\"><img loading=\"lazy\" decoding=\"async\" width=\"720\" height=\"540\" src=\"https:\/\/charcoalkilns.com\/wp-content\/uploads\/2024\/04\/Continuous-carbonization-furnace-1.webp\" alt=\"Forno de carboniza\u00e7\u00e3o cont\u00ednua\" class=\"wp-image-912\" srcset=\"https:\/\/charcoalkilns.com\/wp-content\/uploads\/2024\/04\/Continuous-carbonization-furnace-1.webp 720w, https:\/\/charcoalkilns.com\/wp-content\/uploads\/2024\/04\/Continuous-carbonization-furnace-1-480x360.webp 480w, https:\/\/charcoalkilns.com\/wp-content\/uploads\/2024\/04\/Continuous-carbonization-furnace-1-150x113.webp 150w\" sizes=\"auto, (max-width: 720px) 100vw, 720px\" \/><figcaption class=\"wp-element-caption\">Forno de carboniza\u00e7\u00e3o cont\u00ednua<\/figcaption><\/figure> <\/div>    <div class=\"wp-block-column is-vertically-aligned-center is-layout-flow wp-block-column-is-layout-flow\"> <p class=\"has-text-align-center translation-block\"><strong>Fornalha de carboniza\u00e7\u00e3o cont\u00ednua<\/strong><\/p>    <p>Adequado para produ\u00e7\u00e3o em larga escala, capaz de lidar com uma ampla gama de mat\u00e9rias-primas, com alta flexibilidade e adaptabilidade, ideal para produ\u00e7\u00e3o de carboniza\u00e7\u00e3o de n\u00edvel industrial.<\/p> <\/div> <\/div>    <h2 class=\"wp-block-heading\"><strong>Servi\u00e7o p\u00f3s-venda para m\u00e1quina de fazer carv\u00e3o Shuliy<\/strong><\/h2>    <p>Shuliy Charcoal Furnace oferece uma gama completa de servi\u00e7os p\u00f3s-venda, incluindo o seguinte:<\/p>    <ol class=\"wp-block-list\"> <li><strong>Servi\u00e7o de instala\u00e7\u00e3o<\/strong>: Se necess\u00e1rio, enviamos ao seu local t\u00e9cnicos profissionais, respons\u00e1veis \u200b\u200b\u200b\u200bpela instala\u00e7\u00e3o e depura\u00e7\u00e3o do equipamento do forno de carv\u00e3o para garantir o funcionamento normal do equipamento.<\/li>    <li><strong>Usar orienta\u00e7\u00e3o<\/strong>: Fornecemos manuais de opera\u00e7\u00e3o detalhados e tutoriais em v\u00eddeo para orient\u00e1-lo na opera\u00e7\u00e3o e manuten\u00e7\u00e3o correta do forno de carboniza\u00e7\u00e3o para garantir a opera\u00e7\u00e3o est\u00e1vel do equipamento a longo prazo.<\/li>    <li><strong>Solu\u00e7\u00e3o de problemas<\/strong>: No processo de utiliza\u00e7\u00e3o, caso encontre falhas ou problemas no equipamento, voc\u00ea pode entrar em contato com nossa equipe de servi\u00e7o p\u00f3s-venda a qualquer momento, responderemos a tempo e enviaremos t\u00e9cnicos ao local para manuten\u00e7\u00e3o e processamento, para garantir que a m\u00e1quina de carboniza\u00e7\u00e3o o mais r\u00e1pido poss\u00edvel para retornar \u00e0 opera\u00e7\u00e3o normal.<\/li>    <li><strong>Fornecimento de pe\u00e7as de reposi\u00e7\u00e3o<\/strong>: Oferecemos servi\u00e7o de fornecimento de pe\u00e7as originais, voc\u00ea pode adquirir diretamente pe\u00e7as originais de alta qualidade para garantir o desempenho e a qualidade do equipamento.<\/li>    <li><strong>Manuten\u00e7\u00e3o regular<\/strong>: Sugerimos que voc\u00ea realize manuten\u00e7\u00e3o regular no equipamento para prolongar a vida \u00fatil do equipamento e garantir a efici\u00eancia da produ\u00e7\u00e3o. Podemos fornecer programas e servi\u00e7os de manuten\u00e7\u00e3o para garantir que o equipamento esteja sempre nas melhores condi\u00e7\u00f5es de funcionamento.<\/li>    <li><strong>Suporte t\u00e9cnico<\/strong>: Nossa equipe de servi\u00e7o p\u00f3s-venda possui rica experi\u00eancia t\u00e9cnica e conhecimento profissional, e pode fornecer suporte t\u00e9cnico e servi\u00e7os de consultoria para resolver todos os tipos de problemas t\u00e9cnicos e operacionais.<\/li> <\/ol>    <p>Estamos sempre comprometidos em fornecer aos clientes um servi\u00e7o p\u00f3s-venda de qualidade para garantir que voc\u00ea receba uma experi\u00eancia e suporte satisfat\u00f3rios durante o processo de compra e uso.<\/p>   <div class=\"wp-block-image\"> <figure class=\"aligncenter size-full\"><img loading=\"lazy\" decoding=\"async\" width=\"720\" height=\"540\" src=\"https:\/\/charcoalkilns.com\/wp-content\/uploads\/2024\/04\/charcoal-furnace-factory.webp\" alt=\"f\u00e1brica de forno a carv\u00e3o\" class=\"wp-image-473\" srcset=\"https:\/\/charcoalkilns.com\/wp-content\/uploads\/2024\/04\/charcoal-furnace-factory.webp 720w, https:\/\/charcoalkilns.com\/wp-content\/uploads\/2024\/04\/charcoal-furnace-factory-480x360.webp 480w, https:\/\/charcoalkilns.com\/wp-content\/uploads\/2024\/04\/charcoal-furnace-factory-150x113.webp 150w\" sizes=\"auto, (max-width: 720px) 100vw, 720px\" \/><figcaption class=\"wp-element-caption\">f\u00e1brica de forno a carv\u00e3o<\/figcaption><\/figure> <\/div>   <h2 class=\"wp-block-heading\"><strong>Certificados relacionados sobre forno de carboniza\u00e7\u00e3o<\/strong><\/h2>    <p class=\"translation-block\"><strong>Certificado da empresa<\/strong><\/p>    <p>Nossa empresa possui uma s\u00e9rie de credenciamentos e certificados, incluindo Certificado de Origem, ISO9001, Licen\u00e7a Comercial, PVOC, SABRE, SONCAP, etc. Esses certificados s\u00e3o prova da estrita ades\u00e3o de nossa empresa aos padr\u00f5es internacionais de fabrica\u00e7\u00e3o e gest\u00e3o, bem como de nossa alta respeito pela qualidade do produto, prote\u00e7\u00e3o ambiental e seguran\u00e7a e sa\u00fade dos funcion\u00e1rios.<\/p>   <div class=\"wp-block-image\"> <figure class=\"aligncenter size-large\"><img loading=\"lazy\" decoding=\"async\" width=\"540\" height=\"540\" src=\"https:\/\/charcoalkilns.com\/wp-content\/uploads\/2024\/04\/Company-certificate-540x540.webp\" alt=\"Certificado da empresa\" class=\"wp-image-477\" srcset=\"https:\/\/charcoalkilns.com\/wp-content\/uploads\/2024\/04\/Company-certificate-540x540.webp 540w, https:\/\/charcoalkilns.com\/wp-content\/uploads\/2024\/04\/Company-certificate-360x360.webp 360w, https:\/\/charcoalkilns.com\/wp-content\/uploads\/2024\/04\/Company-certificate.webp 750w\" sizes=\"auto, (max-width: 540px) 100vw, 540px\" \/><figcaption class=\"wp-element-caption\">Certificado da empresa<\/figcaption><\/figure> <\/div>   <p class=\"translation-block\"><strong>Certificado da m\u00e1quina de fazer carv\u00e3o<\/strong><\/p>    <p>Nossos produtos passaram por diversas certifica\u00e7\u00f5es e testes internacionais, e possuem os correspondentes certificados de qualifica\u00e7\u00e3o de produto e certificados de inspe\u00e7\u00e3o. Esta \u00e9 uma certifica\u00e7\u00e3o oficial da qualidade de nossos produtos, garantindo que nossos produtos atendam aos padr\u00f5es internacionais e aos requisitos dos clientes, e fornecendo aos clientes garantias de produto seguras e confi\u00e1veis.<\/p>   <div class=\"wp-block-image\"> <figure class=\"aligncenter size-large\"><img loading=\"lazy\" decoding=\"async\" width=\"540\" height=\"540\" src=\"https:\/\/charcoalkilns.com\/wp-content\/uploads\/2024\/04\/charcoal-furnace-certificate-540x540.webp\" alt=\"certificado de forno a carv\u00e3o\" class=\"wp-image-478\" srcset=\"https:\/\/charcoalkilns.com\/wp-content\/uploads\/2024\/04\/charcoal-furnace-certificate-540x540.webp 540w, https:\/\/charcoalkilns.com\/wp-content\/uploads\/2024\/04\/charcoal-furnace-certificate-360x360.webp 360w, https:\/\/charcoalkilns.com\/wp-content\/uploads\/2024\/04\/charcoal-furnace-certificate.webp 750w\" sizes=\"auto, (max-width: 540px) 100vw, 540px\" \/><figcaption class=\"wp-element-caption\">certificado de forno a carv\u00e3o<\/figcaption><\/figure> <\/div>   <h2 class=\"wp-block-heading\"><strong>Cliente mundial <\/strong><\/h2>    <div class=\"wp-block-columns is-layout-flex wp-container-core-columns-is-layout-9d6595d7 wp-block-columns-is-layout-flex\"> <div class=\"wp-block-column is-layout-flow wp-block-column-is-layout-flow\"> <figure class=\"wp-block-image size-full\"><img loading=\"lazy\" decoding=\"async\" width=\"720\" height=\"540\" src=\"https:\/\/charcoalkilns.com\/wp-content\/uploads\/2024\/04\/charcoal-furnace-factory-visit.webp\" alt=\"visita \u00e0 f\u00e1brica de forno a carv\u00e3o\" class=\"wp-image-459\" srcset=\"https:\/\/charcoalkilns.com\/wp-content\/uploads\/2024\/04\/charcoal-furnace-factory-visit.webp 720w, https:\/\/charcoalkilns.com\/wp-content\/uploads\/2024\/04\/charcoal-furnace-factory-visit-480x360.webp 480w, https:\/\/charcoalkilns.com\/wp-content\/uploads\/2024\/04\/charcoal-furnace-factory-visit-150x113.webp 150w\" sizes=\"auto, (max-width: 720px) 100vw, 720px\" \/><figcaption class=\"wp-element-caption\">visita \u00e0 f\u00e1brica de forno a carv\u00e3o<\/figcaption><\/figure> <\/div>    <div class=\"wp-block-column is-vertically-aligned-center is-layout-flow wp-block-column-is-layout-flow\"> <p>Nosso cliente Kneyan visitou nossa f\u00e1brica de fornos de carboniza\u00e7\u00e3o.<\/p> <\/div> <\/div>    <div class=\"wp-block-columns is-layout-flex wp-container-core-columns-is-layout-9d6595d7 wp-block-columns-is-layout-flex\"> <div class=\"wp-block-column is-vertically-aligned-center is-layout-flow wp-block-column-is-layout-flow\"> <p>O cliente indon\u00e9sio veio visitar a f\u00e1brica de m\u00e1quinas de carv\u00e3o.<\/p> <\/div>    <div class=\"wp-block-column is-layout-flow wp-block-column-is-layout-flow\"> <figure class=\"wp-block-image size-full\"><img loading=\"lazy\" decoding=\"async\" width=\"720\" height=\"540\" src=\"https:\/\/charcoalkilns.com\/wp-content\/uploads\/2024\/04\/customer-visited-charcoal-machine-factory.webp\" alt=\"cliente visitou f\u00e1brica de m\u00e1quinas de carv\u00e3o\" class=\"wp-image-484\" srcset=\"https:\/\/charcoalkilns.com\/wp-content\/uploads\/2024\/04\/customer-visited-charcoal-machine-factory.webp 720w, https:\/\/charcoalkilns.com\/wp-content\/uploads\/2024\/04\/customer-visited-charcoal-machine-factory-480x360.webp 480w, https:\/\/charcoalkilns.com\/wp-content\/uploads\/2024\/04\/customer-visited-charcoal-machine-factory-150x113.webp 150w\" sizes=\"auto, (max-width: 720px) 100vw, 720px\" \/><figcaption class=\"wp-element-caption\">cliente visitou f\u00e1brica de m\u00e1quinas de carv\u00e3o<\/figcaption><\/figure> <\/div> <\/div>","protected":false},"excerpt":{"rendered":"<p>Como fabricante de fornos a carv\u00e3o, temos pre\u00e7os competitivos e oferecemos produtos com boa rela\u00e7\u00e3o custo-benef\u00edcio. Contamos com uma equipe profissional que oferece uma gama completa de servi\u00e7os de pr\u00e9-venda e p\u00f3s-venda para garantir que as necessidades de nossos clientes sejam atendidas. Com foco na qualidade dos produtos e na inova\u00e7\u00e3o tecnol\u00f3gica, temos o compromisso de fornecer aos nossos clientes carv\u00e3o vegetal de alta qualidade e alta efici\u00eancia\u2026<\/p>","protected":false},"author":1,"featured_media":0,"parent":0,"menu_order":0,"comment_status":"closed","ping_status":"closed","template":"","meta":{"_kad_blocks_custom_css":"","_kad_blocks_head_custom_js":"","_kad_blocks_body_custom_js":"","_kad_blocks_footer_custom_js":"","_kad_post_transparent":"","_kad_post_title":"default","_kad_post_layout":"","_kad_post_sidebar_id":"","_kad_post_content_style":"","_kad_post_vertical_padding":"hide","_kad_post_feature":"","_kad_post_feature_position":"","_kad_post_header":false,"_kad_post_footer":false,"_kad_post_classname":"","footnotes":""},"class_list":["post-13","page","type-page","status-publish","hentry"],"taxonomy_info":[],"featured_image_src_large":false,"author_info":{"display_name":"Malinda Lin","author_link":"https:\/\/charcoalkilns.com\/pt\/author\/adminmalinda\/"},"comment_info":0,"_links":{"self":[{"href":"https:\/\/charcoalkilns.com\/pt\/wp-json\/wp\/v2\/pages\/13","targetHints":{"allow":["GET"]}}],"collection":[{"href":"https:\/\/charcoalkilns.com\/pt\/wp-json\/wp\/v2\/pages"}],"about":[{"href":"https:\/\/charcoalkilns.com\/pt\/wp-json\/wp\/v2\/types\/page"}],"author":[{"embeddable":true,"href":"https:\/\/charcoalkilns.com\/pt\/wp-json\/wp\/v2\/users\/1"}],"replies":[{"embeddable":true,"href":"https:\/\/charcoalkilns.com\/pt\/wp-json\/wp\/v2\/comments?post=13"}],"version-history":[{"count":0,"href":"https:\/\/charcoalkilns.com\/pt\/wp-json\/wp\/v2\/pages\/13\/revisions"}],"wp:attachment":[{"href":"https:\/\/charcoalkilns.com\/pt\/wp-json\/wp\/v2\/media?parent=13"}],"curies":[{"name":"wp","href":"https:\/\/api.w.org\/{rel}","templated":true}]}}